{"id":395,"date":"2017-11-10T16:01:14","date_gmt":"2017-11-10T15:01:14","guid":{"rendered":"https:\/\/www.cityskyliner.com\/en\/?page_id=395"},"modified":"2018-05-19T15:10:12","modified_gmt":"2018-05-19T13:10:12","slug":"on-board-events","status":"publish","type":"page","link":"https:\/\/www.cityskyliner.com\/en\/on-board-events\/","title":{"rendered":"On Board Events"},"content":{"rendered":"[vc_row][vc_column width=&#8221;1\/2&#8243;][mk_gallery images=&#8221;409,410,411,412,413,414,415,416,417,419&#8243; style=&#8221;style1&#8243;][\/vc_column][vc_column width=&#8221;1\/2&#8243;][vc_column_text title=&#8221;On Board Events&#8221; css=&#8221;.vc_custom_1517821222575{margin-bottom: 0px !important;}&#8221;]Sonderveranstaltungen wie Fr\u00fchst\u00fcck oder Brunch mit Sektempfang an Board der Aussichtsplattform bescheren den G\u00e4sten unvergessliche Erlebnisse.<\/p>\n<p>Sie setzen weitere Aktzene innerhalb eines Gesamtengagements oder Eventkonzeptes.<\/p>\n<p>Mit einer speziell angefertigten Vorrichtung wird die Aussichtsplattform zum h\u00f6chsten Buffet der Stadt oder mit dem entsprechenden Caterer auch zum \u201eschwebenden Gourmet Tempel\u201c.<\/p>\n<p>Ein CITY SKYLINER\u00ae ON BOARD EVENT wird so zum zus\u00e4tzlichen H\u00d6HEPUNKT und dient dar\u00fcber hinaus als Aufh\u00e4nger f\u00fcr Vermarktung und Berichterstattung in der lokalen und \u00fcberregionalen Presse.[\/vc_column_text][\/vc_column][\/vc_row][vc_row][vc_column][\/vc_column][\/vc_row]\n","protected":false},"excerpt":{"rendered":"<p>[vc_row][vc_column width=&#8221;1\/2&#8243;][mk_gallery images=&#8221;409,410,411,412,413,414,415,416,417,419&#8243; style=&#8221;style1&#8243;][\/vc_column][vc_column width=&#8221;1\/2&#8243;][vc_column_text title=&#8221;On Board Events&#8221; css=&#8221;.vc_custom_1517821222575{margin-bottom: 0px !important;}&#8221;]Sonderveranstaltungen wie Fr\u00fchst\u00fcck oder Brunch mit Sektempfang an Board der Aussichtsplattform bescheren den G\u00e4sten unvergessliche Erlebnisse. Sie setzen weitere Aktzene innerhalb eines Gesamtengagements oder Eventkonzeptes. Mit einer speziell angefertigten Vorrichtung wird die Aussichtsplattform zum h\u00f6chsten Buffet der Stadt oder mit dem entsprechenden Caterer auch zum [&hellip;]<\/p>\n","protected":false},"author":1,"featured_media":0,"parent":0,"menu_order":0,"comment_status":"closed","ping_status":"closed","template":"","meta":[],"_links":{"self":[{"href":"https:\/\/www.cityskyliner.com\/en\/wp-json\/wp\/v2\/pages\/395"}],"collection":[{"href":"https:\/\/www.cityskyliner.com\/en\/wp-json\/wp\/v2\/pages"}],"about":[{"href":"https:\/\/www.cityskyliner.com\/en\/wp-json\/wp\/v2\/types\/page"}],"author":[{"embeddable":true,"href":"https:\/\/www.cityskyliner.com\/en\/wp-json\/wp\/v2\/users\/1"}],"replies":[{"embeddable":true,"href":"https:\/\/www.cityskyliner.com\/en\/wp-json\/wp\/v2\/comments?post=395"}],"version-history":[{"count":9,"href":"https:\/\/www.cityskyliner.com\/en\/wp-json\/wp\/v2\/pages\/395\/revisions"}],"predecessor-version":[{"id":505,"href":"https:\/\/www.cityskyliner.com\/en\/wp-json\/wp\/v2\/pages\/395\/revisions\/505"}],"wp:attachment":[{"href":"https:\/\/www.cityskyliner.com\/en\/wp-json\/wp\/v2\/media?parent=395"}],"curies":[{"name":"wp","href":"https:\/\/api.w.org\/{rel}","templated":true}]}}